{"id":82,"date":"2025-11-02T22:14:04","date_gmt":"2025-11-02T22:14:04","guid":{"rendered":"https:\/\/cantodelcorazon.wordpress.com\/?page_id=82"},"modified":"2025-11-03T15:50:42","modified_gmt":"2025-11-03T15:50:42","slug":"actividades","status":"publish","type":"page","link":"http:\/\/elcantodelcorazon.com\/?page_id=82","title":{"rendered":"ACTIVIDADES"},"content":{"rendered":"\n<p><\/p>\n\n\n\n<h3 class=\"wp-block-heading\"><em><strong>CONCIERTOS PARA LA PAZ :<\/strong><\/em><\/h3>\n\n\n\n<h4 class=\"wp-block-heading\">Son espacios tranquilos creados para la escucha activa donde se emplean cantos sagrados muy antiguos, reflexiones espirituales, poes\u00edas y determinadas melod\u00edas y sonidos naturales.<\/h4>\n\n\n\n<h4 class=\"wp-block-heading\">A trav\u00e9s de este \u201ccuento musical\u201d nuestras preocupaciones se alejan y comenzamos a sentirnos m\u00e1s bondadosos, luminosos y vitales. <\/h4>\n\n\n\n<h4 class=\"wp-block-heading\">Este concierto est\u00e1 indicado para aquellas personas que padecen de estr\u00e9s, que no pueden parar de pensar o de hacer, para aquellas que necesitan una parada revitalizadora, una manera sana y musical de alcanzar estados de calma, sosiego y paz. <\/h4>\n\n\n\n<h4 class=\"wp-block-heading\">La duraci\u00f3n estimada es de una hora y media.<\/h4>\n\n\n\n<figure class=\"wp-block-image size-full is-resized is-style-default\"><img loading=\"lazy\" decoding=\"async\" width=\"1280\" height=\"1450\" src=\"http:\/\/elcantodelcorazon.com\/wp-content\/uploads\/2025\/11\/Sin-titulo-1280-x-1450-px-2-1.png\" alt=\"\" class=\"wp-image-291\" style=\"width:435px;height:auto\" srcset=\"http:\/\/elcantodelcorazon.com\/wp-content\/uploads\/2025\/11\/Sin-titulo-1280-x-1450-px-2-1.png 1280w, http:\/\/elcantodelcorazon.com\/wp-content\/uploads\/2025\/11\/Sin-titulo-1280-x-1450-px-2-1-265x300.png 265w, http:\/\/elcantodelcorazon.com\/wp-content\/uploads\/2025\/11\/Sin-titulo-1280-x-1450-px-2-1-904x1024.png 904w, http:\/\/elcantodelcorazon.com\/wp-content\/uploads\/2025\/11\/Sin-titulo-1280-x-1450-px-2-1-768x870.png 768w\" sizes=\"auto, (max-width: 1280px) 100vw, 1280px\" \/><\/figure>\n\n\n\n<hr class=\"wp-block-separator has-alpha-channel-opacity is-style-dots\"\/>\n\n\n\n<h3 class=\"wp-block-heading\"><strong><em>CANTO CONCILIAR<\/em> :<\/strong><\/h3>\n\n\n\n<h4 class=\"wp-block-heading\">Es un C\u00edrculo de canto grupal donde se aprenden diferentes t\u00e9cnicas respiratorias, maneras sanas de colocar la voz para cantar sin hacerse da\u00f1o, se desarrolla el o\u00eddo musical y se mejora la escucha perif\u00e9rica.<\/h4>\n\n\n\n<h4 class=\"wp-block-heading\">Se aprenden canciones espirituales y sencillas para unir nuestras voces en un sonido \u00fanico. <\/h4>\n\n\n\n<h4 class=\"wp-block-heading\">Este taller est\u00e1 indicado para aquellas personas que les gustar\u00edan las relaciones m\u00e1s profundas y verdaderas, cantar libremente sin juicios ni comparaciones y experimentar la improvisaci\u00f3n y la fuerza transformadora del canto grupal.<\/h4>\n\n\n\n<h4 class=\"wp-block-heading\">No se necesita experiencia musical en este taller de dos horas de duraci\u00f3n.<\/h4>\n\n\n\n<figure class=\"wp-block-image size-large is-resized is-style-default\"><img loading=\"lazy\" decoding=\"async\" width=\"904\" height=\"1024\" src=\"http:\/\/elcantodelcorazon.com\/wp-content\/uploads\/2025\/11\/Sin-titulo-1280-x-1450-px-1280-x-1450-px-904x1024.png\" alt=\"\" class=\"wp-image-209\" style=\"width:438px;height:auto\" srcset=\"http:\/\/elcantodelcorazon.com\/wp-content\/uploads\/2025\/11\/Sin-titulo-1280-x-1450-px-1280-x-1450-px-904x1024.png 904w, http:\/\/elcantodelcorazon.com\/wp-content\/uploads\/2025\/11\/Sin-titulo-1280-x-1450-px-1280-x-1450-px-265x300.png 265w, http:\/\/elcantodelcorazon.com\/wp-content\/uploads\/2025\/11\/Sin-titulo-1280-x-1450-px-1280-x-1450-px-768x870.png 768w, http:\/\/elcantodelcorazon.com\/wp-content\/uploads\/2025\/11\/Sin-titulo-1280-x-1450-px-1280-x-1450-px.png 1280w\" sizes=\"auto, (max-width: 904px) 100vw, 904px\" \/><\/figure>\n\n\n\n<hr class=\"wp-block-separator has-alpha-channel-opacity is-style-dots\"\/>\n\n\n\n<h3 class=\"wp-block-heading\"><strong><em>APERTURA VOCAL<\/em> :<\/strong><\/h3>\n\n\n\n<h4 class=\"wp-block-heading\">Es una experiencia grupal enfocada a la observaci\u00f3n de creencias y a la liberaci\u00f3n de limitaciones f\u00edsicas, mentales o emocionales que han bloqueado la voz, la han silenciado o da\u00f1ado.<\/h4>\n\n\n\n<h4 class=\"wp-block-heading\">Se aprenden sencillas t\u00e9cnicas para ir redescubriendo la potencia vocal y la belleza de cada voz irrepetible. <\/h4>\n\n\n\n<h4 class=\"wp-block-heading\">Este taller est\u00e1 indicado para personas que se sienten inseguras, que tienen alg\u00fan bloqueo en la garganta o en la capacidad de expresi\u00f3n, y para aquellas personas que siempre han querido cantar pero no se lo han permitido por miedo o verg\u00fcenza, o para las que anhelen comenzar a desvelar la pureza de su verdadera voz. <\/h4>\n\n\n\n<h4 class=\"wp-block-heading\">La duraci\u00f3n estimada es de dos horas.<\/h4>\n\n\n\n<figure class=\"wp-block-image size-large is-resized is-style-default\"><img loading=\"lazy\" decoding=\"async\" width=\"904\" height=\"1024\" src=\"http:\/\/elcantodelcorazon.com\/wp-content\/uploads\/2025\/11\/Sin-titulo-1280-x-1450-px-904x1024.png\" alt=\"\" class=\"wp-image-207\" style=\"width:459px;height:auto\" srcset=\"http:\/\/elcantodelcorazon.com\/wp-content\/uploads\/2025\/11\/Sin-titulo-1280-x-1450-px-904x1024.png 904w, http:\/\/elcantodelcorazon.com\/wp-content\/uploads\/2025\/11\/Sin-titulo-1280-x-1450-px-265x300.png 265w, http:\/\/elcantodelcorazon.com\/wp-content\/uploads\/2025\/11\/Sin-titulo-1280-x-1450-px-768x870.png 768w, http:\/\/elcantodelcorazon.com\/wp-content\/uploads\/2025\/11\/Sin-titulo-1280-x-1450-px.png 1280w\" sizes=\"auto, (max-width: 904px) 100vw, 904px\" \/><\/figure>\n","protected":false},"excerpt":{"rendered":"<p>CONCIERTOS PARA LA PAZ : Son espacios tranquilos creados para la escucha activa donde se emplean cantos sagrados muy antiguos, reflexiones espirituales, poes\u00edas y determinadas melod\u00edas y sonidos naturales. A trav\u00e9s de este \u201ccuento musical\u201d nuestras preocupaciones se alejan y comenzamos a sentirnos m\u00e1s bondadosos, luminosos y vitales. Este concierto est\u00e1 indicado para aquellas personas [&hellip;]<\/p>\n","protected":false},"author":1,"featured_media":0,"parent":0,"menu_order":0,"comment_status":"closed","ping_status":"closed","template":"","meta":{"footnotes":""},"class_list":["post-82","page","type-page","status-publish","hentry"],"_links":{"self":[{"href":"http:\/\/elcantodelcorazon.com\/index.php?rest_route=\/wp\/v2\/pages\/82","targetHints":{"allow":["GET"]}}],"collection":[{"href":"http:\/\/elcantodelcorazon.com\/index.php?rest_route=\/wp\/v2\/pages"}],"about":[{"href":"http:\/\/elcantodelcorazon.com\/index.php?rest_route=\/wp\/v2\/types\/page"}],"author":[{"embeddable":true,"href":"http:\/\/elcantodelcorazon.com\/index.php?rest_route=\/wp\/v2\/users\/1"}],"replies":[{"embeddable":true,"href":"http:\/\/elcantodelcorazon.com\/index.php?rest_route=%2Fwp%2Fv2%2Fcomments&post=82"}],"version-history":[{"count":13,"href":"http:\/\/elcantodelcorazon.com\/index.php?rest_route=\/wp\/v2\/pages\/82\/revisions"}],"predecessor-version":[{"id":292,"href":"http:\/\/elcantodelcorazon.com\/index.php?rest_route=\/wp\/v2\/pages\/82\/revisions\/292"}],"wp:attachment":[{"href":"http:\/\/elcantodelcorazon.com\/index.php?rest_route=%2Fwp%2Fv2%2Fmedia&parent=82"}],"curies":[{"name":"wp","href":"https:\/\/api.w.org\/{rel}","templated":true}]}}