{"id":74,"date":"2025-11-02T22:01:57","date_gmt":"2025-11-02T22:01:57","guid":{"rendered":"https:\/\/cantodelcorazon.wordpress.com\/?page_id=74"},"modified":"2025-11-03T15:20:21","modified_gmt":"2025-11-03T15:20:21","slug":"biografia","status":"publish","type":"page","link":"http:\/\/elcantodelcorazon.com\/?page_id=74","title":{"rendered":"BIOGRAF\u00cdA"},"content":{"rendered":"\n<div class=\"wp-block-group is-style-section-2 has-global-padding is-layout-constrained wp-block-group-is-layout-constrained is-style-section-2--1\">\n\n\n<div class=\"wp-block-group alignwide is-style-default has-global-padding is-layout-constrained wp-container-core-group-is-layout-fcb88f1c wp-block-group-is-layout-constrained\">\n<p><\/p>\n\n\n\n<p><strong>Soy Yurena Bobet<\/strong><\/p>\n\n\n\n<figure class=\"wp-block-image size-full is-resized\"><img loading=\"lazy\" decoding=\"async\" width=\"500\" height=\"500\" src=\"http:\/\/elcantodelcorazon.com\/wp-content\/uploads\/2025\/11\/diseno-sin-titulo-1.png\" alt=\"\" class=\"wp-image-164\" style=\"width:560px;height:auto\" srcset=\"http:\/\/elcantodelcorazon.com\/wp-content\/uploads\/2025\/11\/diseno-sin-titulo-1.png 500w, http:\/\/elcantodelcorazon.com\/wp-content\/uploads\/2025\/11\/diseno-sin-titulo-1-300x300.png 300w, http:\/\/elcantodelcorazon.com\/wp-content\/uploads\/2025\/11\/diseno-sin-titulo-1-150x150.png 150w\" sizes=\"auto, (max-width: 500px) 100vw, 500px\" \/><\/figure>\n\n\n\n<h4 class=\"wp-block-heading has-text-align-left\">Mi amor por la esfera del canto comenz\u00f3 desde muy peque\u00f1a. Era mi manera de sentirme segura en un mundo que no entend\u00eda.<br><\/h4>\n\n\n\n<h4 class=\"wp-block-heading has-text-align-left\">Podr\u00eda escribirte varias p\u00e1ginas enumerando mi amplia formaci\u00f3n y experiencia profesional en el \u00e1mbito de la m\u00fasica, pero no es lo que realmente importa aqu\u00ed y ahora.<\/h4>\n\n\n\n<h4 class=\"wp-block-heading has-text-align-left\">Lo que s\u00ed tiene relevancia es poder compartirte que a trav\u00e9s del canto del \u00abcoraz\u00f3n espiritual\u00bb se puede:<\/h4>\n\n\n\n<h4 class=\"wp-block-heading has-text-align-left\" style=\"border-radius:0px\">* hallar una profunda paz interior <br>* sosegar la agitaci\u00f3n de la mente                                                                                                              * aumentar la capacidad respiratoria                                                                                                                                                                                <br>* mejorar la autoestima y las relaciones personales                                            <br>* transformar emociones da\u00f1inas en estados saludables                                                                                                                              * generar hormonas de felicidad (oxitocina, serotonina y dopamina)<\/h4>\n\n\n\n<h4 class=\"wp-block-heading has-text-align-center\"><br>\u2026y lo m\u00e1s importante, <\/h4>\n\n\n\n<h4 class=\"wp-block-heading has-text-align-left\"><br>vivir alimentando tu parte m\u00e1s bondadosa, alegre y cercana al alma, y de ese modo, crear un puente entre la Tierra y el Cielo, desde tu coraz\u00f3n al coraz\u00f3n de la Divinidad. All\u00ed, donde la verdadera paz nos espera. \u00a1Un abrazo!.<\/h4>\n\n\n\n<p><\/p>\n<\/div>\n<\/div>\n","protected":false},"excerpt":{"rendered":"<p>Soy Yurena Bobet Mi amor por la esfera del canto comenz\u00f3 desde muy peque\u00f1a. Era mi manera de sentirme segura en un mundo que no entend\u00eda. Podr\u00eda escribirte varias p\u00e1ginas enumerando mi amplia formaci\u00f3n y experiencia profesional en el \u00e1mbito de la m\u00fasica, pero no es lo que realmente importa aqu\u00ed y ahora. Lo que [&hellip;]<\/p>\n","protected":false},"author":1,"featured_media":0,"parent":0,"menu_order":0,"comment_status":"closed","ping_status":"closed","template":"","meta":{"footnotes":""},"class_list":["post-74","page","type-page","status-publish","hentry"],"_links":{"self":[{"href":"http:\/\/elcantodelcorazon.com\/index.php?rest_route=\/wp\/v2\/pages\/74","targetHints":{"allow":["GET"]}}],"collection":[{"href":"http:\/\/elcantodelcorazon.com\/index.php?rest_route=\/wp\/v2\/pages"}],"about":[{"href":"http:\/\/elcantodelcorazon.com\/index.php?rest_route=\/wp\/v2\/types\/page"}],"author":[{"embeddable":true,"href":"http:\/\/elcantodelcorazon.com\/index.php?rest_route=\/wp\/v2\/users\/1"}],"replies":[{"embeddable":true,"href":"http:\/\/elcantodelcorazon.com\/index.php?rest_route=%2Fwp%2Fv2%2Fcomments&post=74"}],"version-history":[{"count":21,"href":"http:\/\/elcantodelcorazon.com\/index.php?rest_route=\/wp\/v2\/pages\/74\/revisions"}],"predecessor-version":[{"id":277,"href":"http:\/\/elcantodelcorazon.com\/index.php?rest_route=\/wp\/v2\/pages\/74\/revisions\/277"}],"wp:attachment":[{"href":"http:\/\/elcantodelcorazon.com\/index.php?rest_route=%2Fwp%2Fv2%2Fmedia&parent=74"}],"curies":[{"name":"wp","href":"https:\/\/api.w.org\/{rel}","templated":true}]}}